{"id":2803,"date":"2026-05-14T07:09:00","date_gmt":"2026-05-14T07:09:00","guid":{"rendered":"https:\/\/spirtuba.ch\/flavio\/?page_id=2803"},"modified":"2026-05-14T07:09:00","modified_gmt":"2026-05-14T07:09:00","slug":"auftritte-2","status":"publish","type":"page","link":"https:\/\/spirtuba.ch\/flavio\/auftritte-2\/","title":{"rendered":"Auftritte"},"content":{"rendered":"\n<p><strong>28. juni 2026<\/strong><br><a href=\"https:\/\/sixpack-stompers.ch\/jazz\/\" data-type=\"link\" data-id=\"https:\/\/sixpack-stompers.ch\/jazz\/\" target=\"_blank\" rel=\"noreferrer noopener\">Sixpack-Stompers<\/a><br>Beachgottesdienst im Glattpark Opfikon <br>(beim Beachvolleyballfeld)<br>10:00 &#8211; 11:00 Uhr Gottesdienst<br>Ab 11:00 Uhr Konzert<\/p>\n\n\n\n<p><strong>17. Oktober 2026<\/strong><br><a href=\"https:\/\/www.blasnost.ch\/extern\/\" data-type=\"link\" data-id=\"https:\/\/www.blasnost.ch\/extern\/\" target=\"_blank\" rel=\"noreferrer noopener\">blasnost<\/a><br><a href=\"https:\/\/www.lamarotte.ch\" data-type=\"link\" data-id=\"https:\/\/www.lamarotte.ch\" target=\"_blank\" rel=\"noreferrer noopener\">La Marotte<\/a><br>Centralweg 10, Affoltern am Albis<br>20:15 Uhr<\/p>\n\n\n\n<p><strong>25. februar 2027<\/strong><br><a href=\"https:\/\/www.blasnost.ch\/extern\/\" data-type=\"link\" data-id=\"https:\/\/www.blasnost.ch\/extern\/\" target=\"_blank\" rel=\"noreferrer noopener\">blasnost<\/a><br>M\u00fclibar<br>M\u00fclimatt 1<br>Hausen am Albis<\/p>\n\n\n\n<p><strong>1. mai 2027<\/strong><br><a href=\"https:\/\/www.hsgalumnisymphonyorchestra.com\/\" target=\"_blank\" rel=\"noreferrer noopener\">hsg aso<\/a><br>Tonhalle St. Gallen<\/p>\n\n\n\n<p><strong>2. mai 2027<\/strong><br><a href=\"https:\/\/www.hsgalumnisymphonyorchestra.com\/\" target=\"_blank\" rel=\"noreferrer noopener\">hsg aso<\/a><br>Neum\u00fcnster, Z\u00fcrich<\/p>\n\n\n\n<p>Alle Konzerte abonnieren: <a href=\"https:\/\/sync.infomaniak.com\/calendars\/FS06664\/09b3a355-3ef3-410a-a336-1eaa43392b7e?export\" target=\"_blank\" rel=\"noreferrer noopener nofollow\">\ud83d\udcc5<\/a><\/p>\n","protected":false},"excerpt":{"rendered":"<p>28. juni 2026Sixpack-StompersBeachgottesdienst im Glattpark Opfikon (beim Beachvolleyballfeld)10:00 &#8211; 11:00 Uhr GottesdienstAb 11:00 Uhr Konzert 17. Oktober 2026blasnostLa MarotteCentralweg 10, Affoltern am Albis20:15 Uhr 25. februar 2027blasnostM\u00fclibarM\u00fclimatt 1Hausen am Albis 1. mai 2027hsg asoTonhalle St. Gallen 2. mai 2027hsg asoNeum\u00fcnster, Z\u00fcrich Alle Konzerte abonnieren: \ud83d\udcc5<\/p>\n","protected":false},"author":1,"featured_media":0,"parent":0,"menu_order":0,"comment_status":"closed","ping_status":"closed","template":"","meta":{"footnotes":""},"class_list":["post-2803","page","type-page","status-publish","hentry"],"_links":{"self":[{"href":"https:\/\/spirtuba.ch\/flavio\/wp-json\/wp\/v2\/pages\/2803","targetHints":{"allow":["GET"]}}],"collection":[{"href":"https:\/\/spirtuba.ch\/flavio\/wp-json\/wp\/v2\/pages"}],"about":[{"href":"https:\/\/spirtuba.ch\/flavio\/wp-json\/wp\/v2\/types\/page"}],"author":[{"embeddable":true,"href":"https:\/\/spirtuba.ch\/flavio\/wp-json\/wp\/v2\/users\/1"}],"replies":[{"embeddable":true,"href":"https:\/\/spirtuba.ch\/flavio\/wp-json\/wp\/v2\/comments?post=2803"}],"version-history":[{"count":1,"href":"https:\/\/spirtuba.ch\/flavio\/wp-json\/wp\/v2\/pages\/2803\/revisions"}],"predecessor-version":[{"id":2805,"href":"https:\/\/spirtuba.ch\/flavio\/wp-json\/wp\/v2\/pages\/2803\/revisions\/2805"}],"wp:attachment":[{"href":"https:\/\/spirtuba.ch\/flavio\/wp-json\/wp\/v2\/media?parent=2803"}],"curies":[{"name":"wp","href":"https:\/\/api.w.org\/{rel}","templated":true}]}}